{"id":63,"date":"2020-10-07T21:21:20","date_gmt":"2020-10-07T21:21:20","guid":{"rendered":"http:\/\/www.barisvakfi.org\/bulten_arsiv\/?page_id=63"},"modified":"2020-10-07T21:37:49","modified_gmt":"2020-10-07T21:37:49","slug":"baris-vakfi-2020-eylul-bulteni","status":"publish","type":"page","link":"https:\/\/www.barisvakfi.org\/bulten_arsiv\/","title":{"rendered":"Bar\u0131\u015f Vakf\u0131 2020- Eyl\u00fcl B\u00fclteni"},"content":{"rendered":"<p class=\"post-title entry-title\" style=\"text-align: center;\"><span style=\"font-size: 14pt;\"><a href=\"http:\/\/barisvakfi.org\/baris-vakfindan-cagri-atesle-oynanmaz-kurt-iscilere-dokunmayin\/\">Bar\u0131\u015f Vakf\u0131\u2019ndan \u00c7a\u011fr\u0131: ATE\u015eLE OYNANMAZ; K\u00fcrt \u0130\u015f\u00e7ilere Dokunmay\u0131n<\/a><\/span><\/p>\n<p><img loading=\"lazy\" class=\"aligncenter wp-image-33\" src=\"http:\/\/www.barisvakfi.org\/bulten_arsiv\/wp-content\/uploads\/2020\/10\/KURT.jpg\" alt=\"\" width=\"499\" height=\"330\" srcset=\"https:\/\/www.barisvakfi.org\/bulten_arsiv\/wp-content\/uploads\/2020\/10\/KURT.jpg 501w, https:\/\/www.barisvakfi.org\/bulten_arsiv\/wp-content\/uploads\/2020\/10\/KURT-300x198.jpg 300w\" sizes=\"(max-width: 499px) 100vw, 499px\" \/><\/p>\n<p style=\"text-align: justify;\"><span style=\"font-family: helvetica, arial, sans-serif;\">T\u00fcrkiye s\u0131k\u0131nt\u0131l\u0131 g\u00fcnlerden ge\u00e7iyor. \u00c7\u00f6z\u00fcm bekleyen sorunlar da\u011f gibi y\u0131\u011f\u0131ld\u0131. Son d\u00f6nemde bunlara bir de K\u00fcrt i\u015f\u00e7ilerine sald\u0131r\u0131lar eklendi<\/span><\/p>\n<p style=\"text-align: center;\"><a href=\"http:\/\/barisvakfi.org\/baris-vakfindan-cagri-atesle-oynanmaz-kurt-iscilere-dokunmayin\/\" target=\"_blank\" rel=\"noopener noreferrer\"><span style=\"font-family: helvetica, arial, sans-serif;\"><strong><span style=\"color: #ff0000;\">HABERE G\u0130T<\/span><\/strong><\/span><\/a><\/p>\n<hr \/>\n<p>&nbsp;<\/p>\n<p style=\"text-align: center;\"><span style=\"font-family: helvetica, arial, sans-serif;\"><strong><span style=\"font-size: 14pt;\"><a href=\"http:\/\/barisvakfi.org\/baris-vakfi-yeni-proje\/\">Yeni \u00c7\u00f6z\u00fcm S\u00fcreci\u2019nin \u0130mkanlar\u0131, Dinamikleri ve STK\u2019lar\u0131n Rol\u00fc<\/a><\/span><\/strong><\/span><\/p>\n<div class=\"wysija_text_container\">\n<p style=\"text-align: justify;\"><span style=\"font-family: helvetica, arial, sans-serif;\">Yeni \u201c\u00e7\u00f6z\u00fcm s\u00fcrecinin\u201d imk\u00e2n ve dinamikleri \u00e7evrimi\u00e7i toplant\u0131lar\u0131n ilki 16 Eyl\u00fcl 2020 \u00c7ar\u015famba g\u00fcn\u00fc, saat 19:00 ile 21:30 aras\u0131 ger\u00e7ekle\u015ftirildi.<\/span><\/p>\n<p style=\"text-align: center;\"><a href=\"http:\/\/barisvakfi.org\/baris-vakfi-yeni-proje\/\" target=\"_blank\" rel=\"noopener noreferrer\"><span style=\"font-family: helvetica, arial, sans-serif;\"><strong><span style=\"color: #ff0000;\">HABERE G\u0130T<\/span><\/strong><\/span><\/a><\/p>\n<hr \/>\n<p class=\"post-title entry-title\" style=\"text-align: center;\"><span style=\"font-family: helvetica, arial, sans-serif; font-size: 14pt;\"><strong><a href=\"https:\/\/hakikatadalethafiza.org\/eylulde-barisi-konusmak\/\">Haf\u0131za Merkezi Berghof Vakf\u0131 ortakl\u0131\u011f\u0131ndan yeni proje<\/a><\/strong><\/span><\/p>\n<p><img loading=\"lazy\" class=\"aligncenter wp-image-35\" src=\"http:\/\/www.barisvakfi.org\/bulten_arsiv\/wp-content\/uploads\/2020\/10\/HFZ.png\" alt=\"\" width=\"500\" height=\"300\" srcset=\"https:\/\/www.barisvakfi.org\/bulten_arsiv\/wp-content\/uploads\/2020\/10\/HFZ.png 500w, https:\/\/www.barisvakfi.org\/bulten_arsiv\/wp-content\/uploads\/2020\/10\/HFZ-300x180.png 300w\" sizes=\"(max-width: 500px) 100vw, 500px\" \/><\/p>\n<p style=\"text-align: justify;\"><span style=\"font-family: helvetica, arial, sans-serif;\">At\u00f6lye\u2019nin kat\u0131l\u0131mc\u0131lar\u0131, bar\u0131\u015f alan\u0131nda \u00e7al\u0131\u015fmalar yapm\u0131\u015f ya da yapmaya istekli 25-35 ya\u015f aras\u0131 17 gen\u00e7ten olu\u015fuyor.\u00a0<\/span><\/p>\n<p style=\"text-align: center;\"><a href=\"https:\/\/hakikatadalethafiza.org\/eylulde-barisi-konusmak\/\" target=\"_blank\" rel=\"noopener noreferrer\"><span style=\"font-family: helvetica, arial, sans-serif;\"><strong><span style=\"color: #ff0000;\">HABERE G\u0130T<\/span><\/strong><\/span><\/a><\/p>\n<hr \/>\n<p class=\"post-title entry-title\" style=\"text-align: center;\"><strong><span style=\"font-size: 14pt; font-family: helvetica, arial, sans-serif;\"><a href=\"https:\/\/tihvakademi.org\/sempozyum\/\">Yeni Bir \u0130nsan Haklar\u0131 Hareketi Do\u011fru Sempozyumu<\/a><\/span><\/strong><\/p>\n<p><img loading=\"lazy\" class=\"aligncenter size-full wp-image-53\" src=\"http:\/\/www.barisvakfi.org\/bulten_arsiv\/wp-content\/uploads\/2020\/10\/IHH.jpg\" alt=\"\" width=\"469\" height=\"360\" srcset=\"https:\/\/www.barisvakfi.org\/bulten_arsiv\/wp-content\/uploads\/2020\/10\/IHH.jpg 469w, https:\/\/www.barisvakfi.org\/bulten_arsiv\/wp-content\/uploads\/2020\/10\/IHH-300x230.jpg 300w\" sizes=\"(max-width: 469px) 100vw, 469px\" \/><\/p>\n<p style=\"text-align: justify;\"><span style=\"font-family: helvetica, arial, sans-serif;\">T\u00fcrkiye \u0130nsan Haklar\u0131 Vakf\u0131,\u00a0 3 \u2013 7 Ekim 2020 tarihlerinde \u201cYeni Bir \u0130nsan Haklar\u0131 Hareketine Do\u011fru: K\u00fcresel \u0130nsan Haklar\u0131 Krizi Kar\u015f\u0131s\u0131nda Ne Yapmal\u0131?\u201d konulu uluslararas\u0131 sempozyum d\u00fczenliyor.<\/span><\/p>\n<p style=\"text-align: center;\"><a href=\"https:\/\/tihvakademi.org\/sempozyum\/\" target=\"_blank\" rel=\"noopener noreferrer\"><span style=\"font-family: helvetica, arial, sans-serif;\"><strong><span style=\"color: #ff0000;\">HABERE G\u0130T<\/span><\/strong><\/span><\/a><\/p>\n<hr \/>\n<p class=\"post-title entry-title\" style=\"text-align: center;\"><span style=\"font-family: helvetica, arial, sans-serif;\"><strong><span style=\"font-size: 14pt;\"><a href=\"https:\/\/hrantdink.org\/tr\/uluslararasi-hrant-dink-odulu\/odul-toreni\/2020-odul-toreni\">2020 Hrant Dink \u00d6d\u00fcl\u00fc Kavala\u2019n\u0131n<\/a><\/span><\/strong><\/span><\/p>\n<p><img loading=\"lazy\" class=\"aligncenter wp-image-55\" src=\"http:\/\/www.barisvakfi.org\/bulten_arsiv\/wp-content\/uploads\/2020\/10\/KVL-600x270-1.jpg\" alt=\"\" width=\"500\" height=\"225\" srcset=\"https:\/\/www.barisvakfi.org\/bulten_arsiv\/wp-content\/uploads\/2020\/10\/KVL-600x270-1.jpg 600w, https:\/\/www.barisvakfi.org\/bulten_arsiv\/wp-content\/uploads\/2020\/10\/KVL-600x270-1-300x135.jpg 300w\" sizes=\"(max-width: 500px) 100vw, 500px\" \/><\/p>\n<p style=\"text-align: justify;\"><span style=\"font-family: helvetica, arial, sans-serif;\">Uluslararas\u0131 Hrant Dink \u00d6d\u00fcl\u00fc\u2019n\u00fcn on ikincisi, 15 Eyl\u00fcl Sal\u0131 ak\u015fam\u0131, 20.00\u2019de Hrant Dink Vakf\u0131 sosyal medya hesaplar\u0131ndan yay\u0131nlanan \u00e7evrimi\u00e7i t\u00f6renle sahiplerini buldu.\u00a0<\/span><\/p>\n<p style=\"text-align: center;\"><a href=\"https:\/\/hrantdink.org\/tr\/uluslararasi-hrant-dink-odulu\/odul-toreni\/2020-odul-toreni\" target=\"_blank\" rel=\"noopener noreferrer\"><span style=\"font-family: helvetica, arial, sans-serif;\"><strong><span style=\"color: #ff0000;\">HABERE G\u0130T<\/span><\/strong><\/span><\/a><\/p>\n<hr \/>\n<p style=\"text-align: center;\"><span style=\"font-size: 14pt; font-family: helvetica, arial, sans-serif;\"><strong><a href=\"https:\/\/www.democraticprogress.org\/news\/\">DPI\u2019den Yeni \u00c7evrimi\u00e7i Toplant\u0131 yapt\u0131<\/a><\/strong><\/span><\/p>\n<p><img loading=\"lazy\" class=\"aligncenter wp-image-57\" src=\"http:\/\/www.barisvakfi.org\/bulten_arsiv\/wp-content\/uploads\/2020\/10\/DPI-Resim.jpg\" alt=\"\" width=\"499\" height=\"291\" srcset=\"https:\/\/www.barisvakfi.org\/bulten_arsiv\/wp-content\/uploads\/2020\/10\/DPI-Resim.jpg 511w, https:\/\/www.barisvakfi.org\/bulten_arsiv\/wp-content\/uploads\/2020\/10\/DPI-Resim-300x175.jpg 300w\" sizes=\"(max-width: 499px) 100vw, 499px\" \/><\/p>\n<p style=\"text-align: justify;\"><span style=\"font-family: helvetica, arial, sans-serif;\">Uzun y\u0131llard\u0131r \u00e7at\u0131\u015fma \u00e7\u00f6z\u00fcm\u00fc \u00e7al\u0131\u015fan \u0130ngiltere Merkezli Demokratik Geli\u015fim Enstit\u00fcs\u00fc CHP lideri Kemal K\u0131l\u0131\u00e7daro\u011flu\u2019nun konu\u015fmac\u0131 oldu\u011fu \u00e7evrim i\u00e7i toplant\u0131 d\u00fczenledi.\u00a0<\/span><\/p>\n<p style=\"text-align: center;\"><a href=\"https:\/\/www.democraticprogress.org\/news\/\" target=\"_blank\" rel=\"noopener noreferrer\"><span style=\"font-family: helvetica, arial, sans-serif;\"><strong><span style=\"color: #ff0000;\">HABERE G\u0130T<\/span><\/strong><\/span><\/a><\/p>\n<\/div>\n","protected":false},"excerpt":{"rendered":"<p>Bar\u0131\u015f Vakf\u0131\u2019ndan \u00c7a\u011fr\u0131: ATE\u015eLE OYNANMAZ; K\u00fcrt \u0130\u015f\u00e7ilere Dokunmay\u0131n T\u00fcrkiye s\u0131k\u0131nt\u0131l\u0131 g\u00fcnlerden ge\u00e7iyor. \u00c7\u00f6z\u00fcm bekleyen sorunlar da\u011f gibi y\u0131\u011f\u0131ld\u0131. Son d\u00f6nemde bunlara bir de K\u00fcrt i\u015f\u00e7ilerine&#8230;<\/p>\n","protected":false},"author":1,"featured_media":0,"parent":0,"menu_order":0,"comment_status":"closed","ping_status":"closed","template":"","meta":[],"_links":{"self":[{"href":"https:\/\/www.barisvakfi.org\/bulten_arsiv\/wp-json\/wp\/v2\/pages\/63"}],"collection":[{"href":"https:\/\/www.barisvakfi.org\/bulten_arsiv\/wp-json\/wp\/v2\/pages"}],"about":[{"href":"https:\/\/www.barisvakfi.org\/bulten_arsiv\/wp-json\/wp\/v2\/types\/page"}],"author":[{"embeddable":true,"href":"https:\/\/www.barisvakfi.org\/bulten_arsiv\/wp-json\/wp\/v2\/users\/1"}],"replies":[{"embeddable":true,"href":"https:\/\/www.barisvakfi.org\/bulten_arsiv\/wp-json\/wp\/v2\/comments?post=63"}],"version-history":[{"count":6,"href":"https:\/\/www.barisvakfi.org\/bulten_arsiv\/wp-json\/wp\/v2\/pages\/63\/revisions"}],"predecessor-version":[{"id":74,"href":"https:\/\/www.barisvakfi.org\/bulten_arsiv\/wp-json\/wp\/v2\/pages\/63\/revisions\/74"}],"wp:attachment":[{"href":"https:\/\/www.barisvakfi.org\/bulten_arsiv\/wp-json\/wp\/v2\/media?parent=63"}],"curies":[{"name":"wp","href":"https:\/\/api.w.org\/{rel}","templated":true}]}}