{"id":71,"date":"2020-10-07T21:35:56","date_gmt":"2020-10-07T21:35:56","guid":{"rendered":"http:\/\/www.barisvakfi.org\/bulten_arsiv\/?page_id=71"},"modified":"2020-10-07T21:38:08","modified_gmt":"2020-10-07T21:38:08","slug":"baris-vakfindan-cagri-atesle-oynanmaz-kurt-iscilere-dokunmayin","status":"publish","type":"page","link":"https:\/\/www.barisvakfi.org\/bulten_arsiv\/baris-vakfindan-cagri-atesle-oynanmaz-kurt-iscilere-dokunmayin\/","title":{"rendered":"Bar\u0131\u015f Vakf\u0131\u2019ndan \u00c7a\u011fr\u0131: ATE\u015eLE OYNANMAZ; K\u00fcrt \u0130\u015f\u00e7ilere Dokunmay\u0131n"},"content":{"rendered":"<p><img loading=\"lazy\" class=\"aligncenter wp-image-33\" src=\"http:\/\/www.barisvakfi.org\/bulten_arsiv\/wp-content\/uploads\/2020\/10\/KURT.jpg\" alt=\"\" width=\"499\" height=\"330\" srcset=\"https:\/\/www.barisvakfi.org\/bulten_arsiv\/wp-content\/uploads\/2020\/10\/KURT.jpg 501w, https:\/\/www.barisvakfi.org\/bulten_arsiv\/wp-content\/uploads\/2020\/10\/KURT-300x198.jpg 300w\" sizes=\"(max-width: 499px) 100vw, 499px\" \/><\/p>\n<p><span style=\"font-family: helvetica, arial, sans-serif;\"><strong>ATE\u015eLE OYNANMAZ<\/strong><\/span><br \/>\n<span style=\"font-family: helvetica, arial, sans-serif;\"><strong>K\u00fcrt \u0130\u015f\u00e7ilere Dokunmay\u0131n<\/strong><\/span><\/p>\n<p><span style=\"font-family: helvetica, arial, sans-serif;\">T\u00fcrkiye s\u0131k\u0131nt\u0131l\u0131 g\u00fcnlerden ge\u00e7iyor. \u00c7\u00f6z\u00fcm bekleyen sorunlar da\u011f gibi y\u0131\u011f\u0131ld\u0131. Son d\u00f6nemde bunlara bir de K\u00fcrt i\u015f\u00e7ilerine sald\u0131r\u0131lar eklendi. \u0130lk kez ya\u015fanm\u0131yor, 1990\u2019lar da ba\u015flayan bat\u0131 illerindeki \u0131rk\u00e7\u0131 sald\u0131r\u0131lar ve tacizler son birka\u00e7 g\u00fcnd\u00fcr Sakarya\u2019da, Samsun\u2019da, Afyon\u2019da ve Edirne\u2019de art arda ya\u015fand\u0131.<\/span><\/p>\n<p><span style=\"font-family: helvetica, arial, sans-serif;\">Siyaset\u00e7ilerin ve \u00fclkeyi y\u00f6netenlerin K\u00fcrt kar\u015f\u0131t\u0131 s\u00f6ylem ve davran\u0131\u015flar\u0131n\u0131n sald\u0131r\u0131lara zemin haz\u0131rlamas\u0131 ve te\u015fvik edici i\u00e7erikte olmas\u0131 toplumsal gerilimi t\u0131rmand\u0131ran tehlikeli gidi\u015fatt\u0131r.<\/span><\/p>\n<p><span style=\"font-family: helvetica, arial, sans-serif;\">Bar\u0131\u015fa, dayan\u0131\u015fmaya her zamankinden daha fazla ihtiya\u00e7 duydu\u011fumuz bir d\u00f6nemde bu sald\u0131r\u0131, s\u00f6ylem ve davran\u0131\u015flar T\u00fcrkiye\u2019nin gelece\u011fini tehdit ediyor, toplumsal bar\u0131\u015f\u0131 daha da zora sokuyor.<\/span><\/p>\n<p><span style=\"font-family: helvetica, arial, sans-serif;\">Sistematik hal alan K\u00fcrt i\u015f\u00e7ilerine sald\u0131r\u0131lar\u0131n \u00f6nlenmesi ve sald\u0131rganlar\u0131n cezaland\u0131r\u0131lmas\u0131n\u0131n hayati \u00f6nem arz etti\u011fini hat\u0131rlatmak isteriz. Sald\u0131r\u0131lar ate\u015fle oyuna d\u00f6n\u00fc\u015ft\u00fc. Ate\u015fle oynanmaz. Bu herkesi yakabilecek bir durum. B\u00fct\u00fcn kamu g\u00f6revlilerini ve y\u00f6neticileri sorumlu davranmaya davet ediyoruz.<\/span><\/p>\n<p><span style=\"font-family: helvetica, arial, sans-serif;\">Bu \u0131rk\u00e7\u0131 sald\u0131r\u0131 ve tacizlere sessiz kalmamak insan olman\u0131n gere\u011fidir.<\/span><\/p>\n<p><span style=\"font-family: helvetica, arial, sans-serif;\"><strong>Bar\u0131\u015f Vakf\u0131 Y\u00f6netim Kurulu<\/strong><\/span><br \/>\n<span style=\"font-family: helvetica, arial, sans-serif;\"><strong>16.09.2020<\/strong><\/span><\/p>\n","protected":false},"excerpt":{"rendered":"<p>ATE\u015eLE OYNANMAZ K\u00fcrt \u0130\u015f\u00e7ilere Dokunmay\u0131n T\u00fcrkiye s\u0131k\u0131nt\u0131l\u0131 g\u00fcnlerden ge\u00e7iyor. \u00c7\u00f6z\u00fcm bekleyen sorunlar da\u011f gibi y\u0131\u011f\u0131ld\u0131. Son d\u00f6nemde bunlara bir de K\u00fcrt i\u015f\u00e7ilerine sald\u0131r\u0131lar eklendi. \u0130lk&#8230;<\/p>\n","protected":false},"author":1,"featured_media":0,"parent":0,"menu_order":0,"comment_status":"closed","ping_status":"closed","template":"","meta":[],"_links":{"self":[{"href":"https:\/\/www.barisvakfi.org\/bulten_arsiv\/wp-json\/wp\/v2\/pages\/71"}],"collection":[{"href":"https:\/\/www.barisvakfi.org\/bulten_arsiv\/wp-json\/wp\/v2\/pages"}],"about":[{"href":"https:\/\/www.barisvakfi.org\/bulten_arsiv\/wp-json\/wp\/v2\/types\/page"}],"author":[{"embeddable":true,"href":"https:\/\/www.barisvakfi.org\/bulten_arsiv\/wp-json\/wp\/v2\/users\/1"}],"replies":[{"embeddable":true,"href":"https:\/\/www.barisvakfi.org\/bulten_arsiv\/wp-json\/wp\/v2\/comments?post=71"}],"version-history":[{"count":2,"href":"https:\/\/www.barisvakfi.org\/bulten_arsiv\/wp-json\/wp\/v2\/pages\/71\/revisions"}],"predecessor-version":[{"id":73,"href":"https:\/\/www.barisvakfi.org\/bulten_arsiv\/wp-json\/wp\/v2\/pages\/71\/revisions\/73"}],"wp:attachment":[{"href":"https:\/\/www.barisvakfi.org\/bulten_arsiv\/wp-json\/wp\/v2\/media?parent=71"}],"curies":[{"name":"wp","href":"https:\/\/api.w.org\/{rel}","templated":true}]}}